{"id":12696,"date":"2024-07-16T19:43:00","date_gmt":"2024-07-16T19:43:00","guid":{"rendered":"https:\/\/live-life-breath.pantheonsite.io\/product\/rnc-205\/"},"modified":"2025-05-22T10:54:02","modified_gmt":"2025-05-22T15:54:02","slug":"rnc-205","status":"publish","type":"product","link":"https:\/\/www.lifebreath.com\/fr\/product\/rnc-205\/","title":{"rendered":"RNC 205"},"content":{"rendered":"<ul>\n<li>182 CFM @ .3&#8243; w.g \/ 76% (SRE) \u00e0 64 CFM et 0\u00b0C (32\u00b0F)<\/li>\n<li>Noyau hexagonal \u00e0 haute efficacit\u00e9<\/li>\n<li>\u00c9quilibrage de l&#8217;ouverture de la porte et amortisseurs r\u00e9glables<\/li>\n<li>Port\u00e9e sup\u00e9rieure<\/li>\n<li>Des performances exceptionnelles par temps froid<\/li>\n<\/ul>\n","protected":false},"excerpt":{"rendered":"<p>182 CFM @ .3&#8243; w.g \/ 76% (SRE) \u00e0 64 CFM et 0\u00b0C (32\u00b0F) Noyau hexagonal \u00e0 haute efficacit\u00e9 \u00c9quilibrage de l&#8217;ouverture de la porte et amortisseurs r\u00e9glables Port\u00e9e sup\u00e9rieure Des performances exceptionnelles par temps froid<\/p>\n","protected":false},"featured_media":11601,"template":"","meta":{"_et_pb_use_builder":"off","_et_pb_old_content":"<ul>\r\n\t<li>182 CFM @ .3\" w.g \/ 76% (SRE) \u00e0 64 CFM et 0\u00b0C (32\u00b0F)<\/li>\r\n\t<li>Noyau hexagonal \u00e0 haute efficacit\u00e9<\/li>\r\n\t<li>\u00c9quilibrage de l'ouverture de la porte et amortisseurs r\u00e9glables<\/li>\r\n\t<li>Port\u00e9e sup\u00e9rieure<\/li>\r\n\t<li>Des performances exceptionnelles par temps froid<\/li>\r\n<\/ul>","_et_gb_content_width":"","_relevanssi_hide_post":"","_relevanssi_hide_content":"","_relevanssi_pin_for_all":"","_relevanssi_pin_keywords":"","_relevanssi_unpin_keywords":"","_relevanssi_related_keywords":"","_relevanssi_related_include_ids":"","_relevanssi_related_exclude_ids":"","_relevanssi_related_no_append":"","_relevanssi_related_not_related":"","_relevanssi_related_posts":"","_relevanssi_noindex_reason":""},"product_brand":[],"product_cat":[126,174],"product_tag":[693],"class_list":{"0":"post-12696","1":"product","2":"type-product","3":"status-publish","4":"has-post-thumbnail","6":"product_cat-residential-indoor-air-quality-products-fr","7":"product_cat-ventilation-residentielle-vrc","8":"product_tag-lifebreath-residentiel-hrv","10":"first","11":"instock","12":"taxable","13":"shipping-taxable","14":"product-type-simple"},"yoast_head":"<!-- This site is optimized with the Yoast SEO plugin v27.2 - https:\/\/yoast.com\/product\/yoast-seo-wordpress\/ -->\n<title>RNC 205 | Lifebreath<\/title>\n<meta name=\"description\" content=\"182 CFM @ .3&quot; w.g \/ 76% (SRE) \u00e0 6 4CFM et 0\u00b0C (32\u00b0F). Le registre recircule le cycle de d\u00e9givrage. Conduit ovale de 6 po \u00e0 orifice sup\u00e9rieur. Noyau VRC hexagonal en aluminium. Class\u00e9 Energy Star.\" \/>\n<meta name=\"robots\" content=\"index, follow, max-snippet:-1, max-image-preview:large, max-video-preview:-1\" \/>\n<link rel=\"canonical\" href=\"https:\/\/www.lifebreath.com\/fr\/product\/rnc-205\/\" \/>\n<meta property=\"og:locale\" content=\"fr_FR\" \/>\n<meta property=\"og:type\" content=\"article\" \/>\n<meta property=\"og:title\" content=\"RNC 205 | Lifebreath\" \/>\n<meta property=\"og:description\" content=\"182 CFM @ .3&quot; w.g \/ 76% (SRE) \u00e0 6 4CFM et 0\u00b0C (32\u00b0F). Le registre recircule le cycle de d\u00e9givrage. Conduit ovale de 6 po \u00e0 orifice sup\u00e9rieur. Noyau VRC hexagonal en aluminium. Class\u00e9 Energy Star.\" \/>\n<meta property=\"og:url\" content=\"https:\/\/www.lifebreath.com\/fr\/product\/rnc-205\/\" \/>\n<meta property=\"og:site_name\" content=\"Lifebreath\" \/>\n<meta property=\"article:publisher\" content=\"https:\/\/www.facebook.com\/LifebreathIAQ\" \/>\n<meta property=\"article:modified_time\" content=\"2025-05-22T15:54:02+00:00\" \/>\n<meta property=\"og:image\" content=\"https:\/\/www.lifebreath.com\/wp-content\/uploads\/2024\/07\/RNC-205-1024x682.png\" \/>\n\t<meta property=\"og:image:width\" content=\"1024\" \/>\n\t<meta property=\"og:image:height\" content=\"682\" \/>\n\t<meta property=\"og:image:type\" content=\"image\/jpeg\" \/>\n<meta name=\"twitter:card\" content=\"summary_large_image\" \/>\n<meta name=\"twitter:label1\" content=\"Est. reading time\" \/>\n\t<meta name=\"twitter:data1\" content=\"1 minute\" \/>\n<script type=\"application\/ld+json\" class=\"yoast-schema-graph\">{\"@context\":\"https:\/\/schema.org\",\"@graph\":[{\"@type\":\"WebPage\",\"@id\":\"https:\/\/www.lifebreath.com\/fr\/product\/rnc-205\/\",\"url\":\"https:\/\/www.lifebreath.com\/fr\/product\/rnc-205\/\",\"name\":\"RNC 205 | Lifebreath\",\"isPartOf\":{\"@id\":\"https:\/\/www.lifebreath.com\/fr\/#website\"},\"primaryImageOfPage\":{\"@id\":\"https:\/\/www.lifebreath.com\/fr\/product\/rnc-205\/#primaryimage\"},\"image\":{\"@id\":\"https:\/\/www.lifebreath.com\/fr\/product\/rnc-205\/#primaryimage\"},\"thumbnailUrl\":\"https:\/\/www.lifebreath.com\/wp-content\/uploads\/2024\/07\/RNC-205-scaled.jpg\",\"datePublished\":\"2024-07-16T19:43:00+00:00\",\"dateModified\":\"2025-05-22T15:54:02+00:00\",\"description\":\"182 CFM @ .3\\\" w.g \/ 76% (SRE) \u00e0 6 4CFM et 0\u00b0C (32\u00b0F). Le registre recircule le cycle de d\u00e9givrage. Conduit ovale de 6 po \u00e0 orifice sup\u00e9rieur. Noyau VRC hexagonal en aluminium. Class\u00e9 Energy Star.\",\"breadcrumb\":{\"@id\":\"https:\/\/www.lifebreath.com\/fr\/product\/rnc-205\/#breadcrumb\"},\"inLanguage\":\"fr-FR\",\"potentialAction\":[{\"@type\":\"ReadAction\",\"target\":[\"https:\/\/www.lifebreath.com\/fr\/product\/rnc-205\/\"]}]},{\"@type\":\"ImageObject\",\"inLanguage\":\"fr-FR\",\"@id\":\"https:\/\/www.lifebreath.com\/fr\/product\/rnc-205\/#primaryimage\",\"url\":\"https:\/\/www.lifebreath.com\/wp-content\/uploads\/2024\/07\/RNC-205-scaled.jpg\",\"contentUrl\":\"https:\/\/www.lifebreath.com\/wp-content\/uploads\/2024\/07\/RNC-205-scaled.jpg\",\"width\":4496,\"height\":2995,\"caption\":\"RNC 205\"},{\"@type\":\"BreadcrumbList\",\"@id\":\"https:\/\/www.lifebreath.com\/fr\/product\/rnc-205\/#breadcrumb\",\"itemListElement\":[{\"@type\":\"ListItem\",\"position\":1,\"name\":\"Home\",\"item\":\"https:\/\/www.lifebreath.com\/fr\/\"},{\"@type\":\"ListItem\",\"position\":2,\"name\":\"Produits tous\",\"item\":\"https:\/\/www.lifebreath.com\/fr\/produits-tous\/\"},{\"@type\":\"ListItem\",\"position\":3,\"name\":\"RNC 205\"}]},{\"@type\":\"WebSite\",\"@id\":\"https:\/\/www.lifebreath.com\/fr\/#website\",\"url\":\"https:\/\/www.lifebreath.com\/fr\/\",\"name\":\"Lifebreath\",\"description\":\"Manufacturer of Indoor Air Quality systems for over 40 years.\",\"publisher\":{\"@id\":\"https:\/\/www.lifebreath.com\/fr\/#organization\"},\"potentialAction\":[{\"@type\":\"SearchAction\",\"target\":{\"@type\":\"EntryPoint\",\"urlTemplate\":\"https:\/\/www.lifebreath.com\/fr\/?s={search_term_string}\"},\"query-input\":{\"@type\":\"PropertyValueSpecification\",\"valueRequired\":true,\"valueName\":\"search_term_string\"}}],\"inLanguage\":\"fr-FR\"},{\"@type\":\"Organization\",\"@id\":\"https:\/\/www.lifebreath.com\/fr\/#organization\",\"name\":\"Lifebreath\",\"url\":\"https:\/\/www.lifebreath.com\/fr\/\",\"logo\":{\"@type\":\"ImageObject\",\"inLanguage\":\"fr-FR\",\"@id\":\"https:\/\/www.lifebreath.com\/fr\/#\/schema\/logo\/image\/\",\"url\":\"https:\/\/www.lifebreath.com\/wp-content\/uploads\/2025\/05\/LifeBreath_LB_Icon_Logo-scaled.jpg\",\"contentUrl\":\"https:\/\/www.lifebreath.com\/wp-content\/uploads\/2025\/05\/LifeBreath_LB_Icon_Logo-scaled.jpg\",\"width\":2234,\"height\":2560,\"caption\":\"Lifebreath\"},\"image\":{\"@id\":\"https:\/\/www.lifebreath.com\/fr\/#\/schema\/logo\/image\/\"},\"sameAs\":[\"https:\/\/www.facebook.com\/LifebreathIAQ\",\"https:\/\/www.instagram.com\/lifebreathiaq\/\",\"https:\/\/www.linkedin.com\/company\/airia-brands-inc-\/?originalSubdomain=ca\",\"https:\/\/www.youtube.com\/@lifebreath1091\"]}]}<\/script>\n<!-- \/ Yoast SEO plugin. -->","yoast_head_json":{"title":"RNC 205 | Lifebreath","description":"182 CFM @ .3\" w.g \/ 76% (SRE) \u00e0 6 4CFM et 0\u00b0C (32\u00b0F). Le registre recircule le cycle de d\u00e9givrage. Conduit ovale de 6 po \u00e0 orifice sup\u00e9rieur. Noyau VRC hexagonal en aluminium. Class\u00e9 Energy Star.","robots":{"index":"index","follow":"follow","max-snippet":"max-snippet:-1","max-image-preview":"max-image-preview:large","max-video-preview":"max-video-preview:-1"},"canonical":"https:\/\/www.lifebreath.com\/fr\/product\/rnc-205\/","og_locale":"fr_FR","og_type":"article","og_title":"RNC 205 | Lifebreath","og_description":"182 CFM @ .3\" w.g \/ 76% (SRE) \u00e0 6 4CFM et 0\u00b0C (32\u00b0F). Le registre recircule le cycle de d\u00e9givrage. Conduit ovale de 6 po \u00e0 orifice sup\u00e9rieur. Noyau VRC hexagonal en aluminium. Class\u00e9 Energy Star.","og_url":"https:\/\/www.lifebreath.com\/fr\/product\/rnc-205\/","og_site_name":"Lifebreath","article_publisher":"https:\/\/www.facebook.com\/LifebreathIAQ","article_modified_time":"2025-05-22T15:54:02+00:00","og_image":[{"width":1024,"height":682,"url":"https:\/\/www.lifebreath.com\/wp-content\/uploads\/2024\/07\/RNC-205-1024x682.png","type":"image\/jpeg"}],"twitter_card":"summary_large_image","twitter_misc":{"Est. reading time":"1 minute"},"schema":{"@context":"https:\/\/schema.org","@graph":[{"@type":"WebPage","@id":"https:\/\/www.lifebreath.com\/fr\/product\/rnc-205\/","url":"https:\/\/www.lifebreath.com\/fr\/product\/rnc-205\/","name":"RNC 205 | Lifebreath","isPartOf":{"@id":"https:\/\/www.lifebreath.com\/fr\/#website"},"primaryImageOfPage":{"@id":"https:\/\/www.lifebreath.com\/fr\/product\/rnc-205\/#primaryimage"},"image":{"@id":"https:\/\/www.lifebreath.com\/fr\/product\/rnc-205\/#primaryimage"},"thumbnailUrl":"https:\/\/www.lifebreath.com\/wp-content\/uploads\/2024\/07\/RNC-205-scaled.jpg","datePublished":"2024-07-16T19:43:00+00:00","dateModified":"2025-05-22T15:54:02+00:00","description":"182 CFM @ .3\" w.g \/ 76% (SRE) \u00e0 6 4CFM et 0\u00b0C (32\u00b0F). Le registre recircule le cycle de d\u00e9givrage. Conduit ovale de 6 po \u00e0 orifice sup\u00e9rieur. Noyau VRC hexagonal en aluminium. Class\u00e9 Energy Star.","breadcrumb":{"@id":"https:\/\/www.lifebreath.com\/fr\/product\/rnc-205\/#breadcrumb"},"inLanguage":"fr-FR","potentialAction":[{"@type":"ReadAction","target":["https:\/\/www.lifebreath.com\/fr\/product\/rnc-205\/"]}]},{"@type":"ImageObject","inLanguage":"fr-FR","@id":"https:\/\/www.lifebreath.com\/fr\/product\/rnc-205\/#primaryimage","url":"https:\/\/www.lifebreath.com\/wp-content\/uploads\/2024\/07\/RNC-205-scaled.jpg","contentUrl":"https:\/\/www.lifebreath.com\/wp-content\/uploads\/2024\/07\/RNC-205-scaled.jpg","width":4496,"height":2995,"caption":"RNC 205"},{"@type":"BreadcrumbList","@id":"https:\/\/www.lifebreath.com\/fr\/product\/rnc-205\/#breadcrumb","itemListElement":[{"@type":"ListItem","position":1,"name":"Home","item":"https:\/\/www.lifebreath.com\/fr\/"},{"@type":"ListItem","position":2,"name":"Produits tous","item":"https:\/\/www.lifebreath.com\/fr\/produits-tous\/"},{"@type":"ListItem","position":3,"name":"RNC 205"}]},{"@type":"WebSite","@id":"https:\/\/www.lifebreath.com\/fr\/#website","url":"https:\/\/www.lifebreath.com\/fr\/","name":"Lifebreath","description":"Manufacturer of Indoor Air Quality systems for over 40 years.","publisher":{"@id":"https:\/\/www.lifebreath.com\/fr\/#organization"},"potentialAction":[{"@type":"SearchAction","target":{"@type":"EntryPoint","urlTemplate":"https:\/\/www.lifebreath.com\/fr\/?s={search_term_string}"},"query-input":{"@type":"PropertyValueSpecification","valueRequired":true,"valueName":"search_term_string"}}],"inLanguage":"fr-FR"},{"@type":"Organization","@id":"https:\/\/www.lifebreath.com\/fr\/#organization","name":"Lifebreath","url":"https:\/\/www.lifebreath.com\/fr\/","logo":{"@type":"ImageObject","inLanguage":"fr-FR","@id":"https:\/\/www.lifebreath.com\/fr\/#\/schema\/logo\/image\/","url":"https:\/\/www.lifebreath.com\/wp-content\/uploads\/2025\/05\/LifeBreath_LB_Icon_Logo-scaled.jpg","contentUrl":"https:\/\/www.lifebreath.com\/wp-content\/uploads\/2025\/05\/LifeBreath_LB_Icon_Logo-scaled.jpg","width":2234,"height":2560,"caption":"Lifebreath"},"image":{"@id":"https:\/\/www.lifebreath.com\/fr\/#\/schema\/logo\/image\/"},"sameAs":["https:\/\/www.facebook.com\/LifebreathIAQ","https:\/\/www.instagram.com\/lifebreathiaq\/","https:\/\/www.linkedin.com\/company\/airia-brands-inc-\/?originalSubdomain=ca","https:\/\/www.youtube.com\/@lifebreath1091"]}]}},"_links":{"self":[{"href":"https:\/\/www.lifebreath.com\/fr\/wp-json\/wp\/v2\/product\/12696","targetHints":{"allow":["GET"]}}],"collection":[{"href":"https:\/\/www.lifebreath.com\/fr\/wp-json\/wp\/v2\/product"}],"about":[{"href":"https:\/\/www.lifebreath.com\/fr\/wp-json\/wp\/v2\/types\/product"}],"wp:featuredmedia":[{"embeddable":true,"href":"https:\/\/www.lifebreath.com\/fr\/wp-json\/wp\/v2\/media\/11601"}],"wp:attachment":[{"href":"https:\/\/www.lifebreath.com\/fr\/wp-json\/wp\/v2\/media?parent=12696"}],"wp:term":[{"taxonomy":"product_brand","embeddable":true,"href":"https:\/\/www.lifebreath.com\/fr\/wp-json\/wp\/v2\/product_brand?post=12696"},{"taxonomy":"product_cat","embeddable":true,"href":"https:\/\/www.lifebreath.com\/fr\/wp-json\/wp\/v2\/product_cat?post=12696"},{"taxonomy":"product_tag","embeddable":true,"href":"https:\/\/www.lifebreath.com\/fr\/wp-json\/wp\/v2\/product_tag?post=12696"}],"curies":[{"name":"wp","href":"https:\/\/api.w.org\/{rel}","templated":true}]}}