{"id":14177,"date":"2024-08-22T16:06:30","date_gmt":"2024-08-22T20:06:30","guid":{"rendered":"https:\/\/live-life-breath.pantheonsite.io\/product\/dxpl03-commande-murale-numerique\/"},"modified":"2024-10-08T14:14:27","modified_gmt":"2024-10-08T18:14:27","slug":"dxpl03-commande-murale-numerique","status":"publish","type":"product","link":"https:\/\/www.lifebreath.com\/fr\/product\/dxpl03-commande-murale-numerique\/","title":{"rendered":"DXPL03 &#8211; Commande murale num\u00e9rique"},"content":{"rendered":"<p>La commande murale num\u00e9rique Lifebreath DXPL03 est dot\u00e9e d&#8217;un \u00e9cran LCD, d&#8217;un design fin et \u00e9l\u00e9gant et de cinq modes de fonctionnement, faciles \u00e0 programmer par simple pression d&#8217;un bouton. Les caract\u00e9ristiques comprennent \u00e9galement l&#8217;\u00e9quilibrage automatique intuitif, l&#8217;ajustement continu de la vitesse du moteur pour maintenir le d\u00e9bit d&#8217;air d\u00e9fini par l&#8217;utilisateur (CFM), l&#8217;\u00e9quilibrage rapide : l&#8217;ajustement de la seule vitesse 5 entra\u00eene l&#8217;ajustement automatique de toutes les autres vitesses (les 5 vitesses sont r\u00e9glables), l&#8217;indicateur d&#8217;\u00e9quilibrage automatique montre quand l&#8217;unit\u00e9 contr\u00f4le activement les vitesses du moteur, le d\u00e9bit d&#8217;air est mesur\u00e9 en continu avec des relev\u00e9s de pression diff\u00e9rentielle. Toutes les caract\u00e9ristiques requises pour les strat\u00e9gies de contr\u00f4le \u00e0 la demande afin de maximiser le confort et les \u00e9conomies d&#8217;\u00e9nergie.  <\/p>\n<ul>\n<li>Balance automatique (sur les appareils concern\u00e9s)<\/li>\n<li>Ventilateur \u00e0 cinq vitesses<\/li>\n<li>R\u00e9glage de la mise en veille (vitesse du ventilateur 0)<\/li>\n<li>D\u00e9shumidistat \u00e9lectronique<\/li>\n<li>20\/40\/60 Bouton d&#8217;annulation de la vitesse HAUTE<\/li>\n<li>Compatible avec la minuterie sans fil<\/li>\n<li>Ecran LCD r\u00e9tro-\u00e9clair\u00e9 facile \u00e0 lire<\/li>\n<li>Design \u00e9lanc\u00e9<\/li>\n<li>Connecter \u00e0 un fil basse tension \u00e0 3 fils de calibre 20<\/li>\n<\/ul>\n","protected":false},"excerpt":{"rendered":"<p>La commande murale num\u00e9rique Lifebreath DXPL03 est dot\u00e9e d&#8217;un \u00e9cran LCD, d&#8217;un design fin et \u00e9l\u00e9gant et de cinq modes de fonctionnement, faciles \u00e0 programmer par simple pression d&#8217;un bouton. Les caract\u00e9ristiques comprennent \u00e9galement l&#8217;\u00e9quilibrage automatique intuitif, l&#8217;ajustement continu de la vitesse du moteur pour maintenir le d\u00e9bit d&#8217;air d\u00e9fini par l&#8217;utilisateur (CFM), l&#8217;\u00e9quilibrage rapide [&hellip;]<\/p>\n","protected":false},"featured_media":14175,"template":"","meta":{"_et_pb_use_builder":"","_et_pb_old_content":"","_et_gb_content_width":"","_relevanssi_hide_post":"","_relevanssi_hide_content":"","_relevanssi_pin_for_all":"","_relevanssi_pin_keywords":"","_relevanssi_unpin_keywords":"","_relevanssi_related_keywords":"","_relevanssi_related_include_ids":"","_relevanssi_related_exclude_ids":"","_relevanssi_related_no_append":"","_relevanssi_related_not_related":"","_relevanssi_related_posts":"","_relevanssi_noindex_reason":""},"product_brand":[],"product_cat":[163,164],"product_tag":[899],"class_list":{"0":"post-14177","1":"product","2":"type-product","3":"status-publish","4":"has-post-thumbnail","6":"product_cat-accessoires","7":"product_cat-controls-timers-fr","8":"product_tag-commandes-et-minuteries-de-lifebreath","10":"first","11":"instock","12":"taxable","13":"shipping-taxable","14":"product-type-simple"},"yoast_head":"<!-- This site is optimized with the Yoast SEO plugin v27.5 - https:\/\/yoast.com\/product\/yoast-seo-wordpress\/ -->\n<title>DXPL03 - Commande murale num\u00e9rique | Lifebreath<\/title>\n<meta name=\"description\" content=\"La commande murale num\u00e9rique Lifebreath DXPL03 est dot\u00e9e d&#039;un \u00e9cran LCD, d&#039;un design fin et \u00e9l\u00e9gant et de cinq modes de fonctionnement, faciles \u00e0 programmer par simple pression d&#039;un bouton. Les caract\u00e9ristiques comprennent \u00e9galement l&#039;\u00e9quilibrage automatique intuitif, l&#039;ajustement continu de la vitesse du moteur pour maintenir le d\u00e9bit d&#039;air d\u00e9fini par l&#039;utilisateur (CFM), l&#039;\u00e9quilibrage rapide : l&#039;ajustement de la seule vitesse 5 entra\u00eene l&#039;ajustement automatique de toutes les autres vitesses (les 5 vitesses sont r\u00e9glables), l&#039;indicateur d&#039;\u00e9quilibrage automatique montre quand l&#039;unit\u00e9 contr\u00f4le activement les vitesses du moteur, le d\u00e9bit d&#039;air est mesur\u00e9 en continu avec des lectures de pression diff\u00e9rentielle. Toutes les caract\u00e9ristiques requises pour les strat\u00e9gies de contr\u00f4le \u00e0 la demande afin de maximiser le confort et les \u00e9conomies d&#039;\u00e9nergie.\" \/>\n<meta name=\"robots\" content=\"index, follow, max-snippet:-1, max-image-preview:large, max-video-preview:-1\" \/>\n<link rel=\"canonical\" href=\"https:\/\/www.lifebreath.com\/fr\/product\/dxpl03-commande-murale-numerique\/\" \/>\n<meta property=\"og:locale\" content=\"fr_FR\" \/>\n<meta property=\"og:type\" content=\"article\" \/>\n<meta property=\"og:title\" content=\"DXPL03 - Commande murale num\u00e9rique | Lifebreath\" \/>\n<meta property=\"og:description\" content=\"La commande murale num\u00e9rique Lifebreath DXPL03 est dot\u00e9e d&#039;un \u00e9cran LCD, d&#039;un design fin et \u00e9l\u00e9gant et de cinq modes de fonctionnement, faciles \u00e0 programmer par simple pression d&#039;un bouton. Les caract\u00e9ristiques comprennent \u00e9galement l&#039;\u00e9quilibrage automatique intuitif, l&#039;ajustement continu de la vitesse du moteur pour maintenir le d\u00e9bit d&#039;air d\u00e9fini par l&#039;utilisateur (CFM), l&#039;\u00e9quilibrage rapide : l&#039;ajustement de la seule vitesse 5 entra\u00eene l&#039;ajustement automatique de toutes les autres vitesses (les 5 vitesses sont r\u00e9glables), l&#039;indicateur d&#039;\u00e9quilibrage automatique montre quand l&#039;unit\u00e9 contr\u00f4le activement les vitesses du moteur, le d\u00e9bit d&#039;air est mesur\u00e9 en continu avec des lectures de pression diff\u00e9rentielle. Toutes les caract\u00e9ristiques requises pour les strat\u00e9gies de contr\u00f4le \u00e0 la demande afin de maximiser le confort et les \u00e9conomies d&#039;\u00e9nergie.\" \/>\n<meta property=\"og:url\" content=\"https:\/\/www.lifebreath.com\/fr\/product\/dxpl03-commande-murale-numerique\/\" \/>\n<meta property=\"og:site_name\" content=\"Lifebreath\" \/>\n<meta property=\"article:publisher\" content=\"https:\/\/www.facebook.com\/LifebreathIAQ\" \/>\n<meta property=\"article:modified_time\" content=\"2024-10-08T18:14:27+00:00\" \/>\n<meta property=\"og:image\" content=\"https:\/\/www.lifebreath.com\/wp-content\/uploads\/2024\/08\/DXPL03_GreenScreen.png\" \/>\n\t<meta property=\"og:image:width\" content=\"840\" \/>\n\t<meta property=\"og:image:height\" content=\"640\" \/>\n\t<meta property=\"og:image:type\" content=\"image\/png\" \/>\n<meta name=\"twitter:card\" content=\"summary_large_image\" \/>\n<meta name=\"twitter:label1\" content=\"Est. reading time\" \/>\n\t<meta name=\"twitter:data1\" content=\"1 minute\" \/>\n<script type=\"application\/ld+json\" class=\"yoast-schema-graph\">{\"@context\":\"https:\\\/\\\/schema.org\",\"@graph\":[{\"@type\":\"WebPage\",\"@id\":\"https:\\\/\\\/www.lifebreath.com\\\/fr\\\/product\\\/dxpl03-commande-murale-numerique\\\/\",\"url\":\"https:\\\/\\\/www.lifebreath.com\\\/fr\\\/product\\\/dxpl03-commande-murale-numerique\\\/\",\"name\":\"DXPL03 - Commande murale num\u00e9rique | Lifebreath\",\"isPartOf\":{\"@id\":\"https:\\\/\\\/www.lifebreath.com\\\/fr\\\/#website\"},\"primaryImageOfPage\":{\"@id\":\"https:\\\/\\\/www.lifebreath.com\\\/fr\\\/product\\\/dxpl03-commande-murale-numerique\\\/#primaryimage\"},\"image\":{\"@id\":\"https:\\\/\\\/www.lifebreath.com\\\/fr\\\/product\\\/dxpl03-commande-murale-numerique\\\/#primaryimage\"},\"thumbnailUrl\":\"https:\\\/\\\/www.lifebreath.com\\\/wp-content\\\/uploads\\\/2024\\\/08\\\/DXPL03_GreenScreen.png\",\"datePublished\":\"2024-08-22T20:06:30+00:00\",\"dateModified\":\"2024-10-08T18:14:27+00:00\",\"description\":\"La commande murale num\u00e9rique Lifebreath DXPL03 est dot\u00e9e d'un \u00e9cran LCD, d'un design fin et \u00e9l\u00e9gant et de cinq modes de fonctionnement, faciles \u00e0 programmer par simple pression d'un bouton. Les caract\u00e9ristiques comprennent \u00e9galement l'\u00e9quilibrage automatique intuitif, l'ajustement continu de la vitesse du moteur pour maintenir le d\u00e9bit d'air d\u00e9fini par l'utilisateur (CFM), l'\u00e9quilibrage rapide : l'ajustement de la seule vitesse 5 entra\u00eene l'ajustement automatique de toutes les autres vitesses (les 5 vitesses sont r\u00e9glables), l'indicateur d'\u00e9quilibrage automatique montre quand l'unit\u00e9 contr\u00f4le activement les vitesses du moteur, le d\u00e9bit d'air est mesur\u00e9 en continu avec des lectures de pression diff\u00e9rentielle. Toutes les caract\u00e9ristiques requises pour les strat\u00e9gies de contr\u00f4le \u00e0 la demande afin de maximiser le confort et les \u00e9conomies d'\u00e9nergie.\",\"breadcrumb\":{\"@id\":\"https:\\\/\\\/www.lifebreath.com\\\/fr\\\/product\\\/dxpl03-commande-murale-numerique\\\/#breadcrumb\"},\"inLanguage\":\"fr-FR\",\"potentialAction\":[{\"@type\":\"ReadAction\",\"target\":[\"https:\\\/\\\/www.lifebreath.com\\\/fr\\\/product\\\/dxpl03-commande-murale-numerique\\\/\"]}]},{\"@type\":\"ImageObject\",\"inLanguage\":\"fr-FR\",\"@id\":\"https:\\\/\\\/www.lifebreath.com\\\/fr\\\/product\\\/dxpl03-commande-murale-numerique\\\/#primaryimage\",\"url\":\"https:\\\/\\\/www.lifebreath.com\\\/wp-content\\\/uploads\\\/2024\\\/08\\\/DXPL03_GreenScreen.png\",\"contentUrl\":\"https:\\\/\\\/www.lifebreath.com\\\/wp-content\\\/uploads\\\/2024\\\/08\\\/DXPL03_GreenScreen.png\",\"width\":840,\"height\":640,\"caption\":\"DXPL03_GreenScreen\"},{\"@type\":\"BreadcrumbList\",\"@id\":\"https:\\\/\\\/www.lifebreath.com\\\/fr\\\/product\\\/dxpl03-commande-murale-numerique\\\/#breadcrumb\",\"itemListElement\":[{\"@type\":\"ListItem\",\"position\":1,\"name\":\"Home\",\"item\":\"https:\\\/\\\/www.lifebreath.com\\\/fr\\\/\"},{\"@type\":\"ListItem\",\"position\":2,\"name\":\"Produits tous\",\"item\":\"https:\\\/\\\/www.lifebreath.com\\\/fr\\\/produits-tous\\\/\"},{\"@type\":\"ListItem\",\"position\":3,\"name\":\"DXPL03 &#8211; Commande murale num\u00e9rique\"}]},{\"@type\":\"WebSite\",\"@id\":\"https:\\\/\\\/www.lifebreath.com\\\/fr\\\/#website\",\"url\":\"https:\\\/\\\/www.lifebreath.com\\\/fr\\\/\",\"name\":\"Lifebreath\",\"description\":\"Manufacturer of Indoor Air Quality systems for over 40 years.\",\"publisher\":{\"@id\":\"https:\\\/\\\/www.lifebreath.com\\\/fr\\\/#organization\"},\"potentialAction\":[{\"@type\":\"SearchAction\",\"target\":{\"@type\":\"EntryPoint\",\"urlTemplate\":\"https:\\\/\\\/www.lifebreath.com\\\/fr\\\/?s={search_term_string}\"},\"query-input\":{\"@type\":\"PropertyValueSpecification\",\"valueRequired\":true,\"valueName\":\"search_term_string\"}}],\"inLanguage\":\"fr-FR\"},{\"@type\":\"Organization\",\"@id\":\"https:\\\/\\\/www.lifebreath.com\\\/fr\\\/#organization\",\"name\":\"Lifebreath\",\"url\":\"https:\\\/\\\/www.lifebreath.com\\\/fr\\\/\",\"logo\":{\"@type\":\"ImageObject\",\"inLanguage\":\"fr-FR\",\"@id\":\"https:\\\/\\\/www.lifebreath.com\\\/fr\\\/#\\\/schema\\\/logo\\\/image\\\/\",\"url\":\"https:\\\/\\\/www.lifebreath.com\\\/wp-content\\\/uploads\\\/2025\\\/05\\\/LifeBreath_LB_Icon_Logo-scaled.jpg\",\"contentUrl\":\"https:\\\/\\\/www.lifebreath.com\\\/wp-content\\\/uploads\\\/2025\\\/05\\\/LifeBreath_LB_Icon_Logo-scaled.jpg\",\"width\":2234,\"height\":2560,\"caption\":\"Lifebreath\"},\"image\":{\"@id\":\"https:\\\/\\\/www.lifebreath.com\\\/fr\\\/#\\\/schema\\\/logo\\\/image\\\/\"},\"sameAs\":[\"https:\\\/\\\/www.facebook.com\\\/LifebreathIAQ\",\"https:\\\/\\\/www.instagram.com\\\/lifebreathiaq\\\/\",\"https:\\\/\\\/www.linkedin.com\\\/company\\\/airia-brands-inc-\\\/?originalSubdomain=ca\",\"https:\\\/\\\/www.youtube.com\\\/@lifebreath1091\"]}]}<\/script>\n<!-- \/ Yoast SEO plugin. -->","yoast_head_json":{"title":"DXPL03 - Commande murale num\u00e9rique | Lifebreath","description":"La commande murale num\u00e9rique Lifebreath DXPL03 est dot\u00e9e d'un \u00e9cran LCD, d'un design fin et \u00e9l\u00e9gant et de cinq modes de fonctionnement, faciles \u00e0 programmer par simple pression d'un bouton. Les caract\u00e9ristiques comprennent \u00e9galement l'\u00e9quilibrage automatique intuitif, l'ajustement continu de la vitesse du moteur pour maintenir le d\u00e9bit d'air d\u00e9fini par l'utilisateur (CFM), l'\u00e9quilibrage rapide : l'ajustement de la seule vitesse 5 entra\u00eene l'ajustement automatique de toutes les autres vitesses (les 5 vitesses sont r\u00e9glables), l'indicateur d'\u00e9quilibrage automatique montre quand l'unit\u00e9 contr\u00f4le activement les vitesses du moteur, le d\u00e9bit d'air est mesur\u00e9 en continu avec des lectures de pression diff\u00e9rentielle. Toutes les caract\u00e9ristiques requises pour les strat\u00e9gies de contr\u00f4le \u00e0 la demande afin de maximiser le confort et les \u00e9conomies d'\u00e9nergie.","robots":{"index":"index","follow":"follow","max-snippet":"max-snippet:-1","max-image-preview":"max-image-preview:large","max-video-preview":"max-video-preview:-1"},"canonical":"https:\/\/www.lifebreath.com\/fr\/product\/dxpl03-commande-murale-numerique\/","og_locale":"fr_FR","og_type":"article","og_title":"DXPL03 - Commande murale num\u00e9rique | Lifebreath","og_description":"La commande murale num\u00e9rique Lifebreath DXPL03 est dot\u00e9e d'un \u00e9cran LCD, d'un design fin et \u00e9l\u00e9gant et de cinq modes de fonctionnement, faciles \u00e0 programmer par simple pression d'un bouton. Les caract\u00e9ristiques comprennent \u00e9galement l'\u00e9quilibrage automatique intuitif, l'ajustement continu de la vitesse du moteur pour maintenir le d\u00e9bit d'air d\u00e9fini par l'utilisateur (CFM), l'\u00e9quilibrage rapide : l'ajustement de la seule vitesse 5 entra\u00eene l'ajustement automatique de toutes les autres vitesses (les 5 vitesses sont r\u00e9glables), l'indicateur d'\u00e9quilibrage automatique montre quand l'unit\u00e9 contr\u00f4le activement les vitesses du moteur, le d\u00e9bit d'air est mesur\u00e9 en continu avec des lectures de pression diff\u00e9rentielle. Toutes les caract\u00e9ristiques requises pour les strat\u00e9gies de contr\u00f4le \u00e0 la demande afin de maximiser le confort et les \u00e9conomies d'\u00e9nergie.","og_url":"https:\/\/www.lifebreath.com\/fr\/product\/dxpl03-commande-murale-numerique\/","og_site_name":"Lifebreath","article_publisher":"https:\/\/www.facebook.com\/LifebreathIAQ","article_modified_time":"2024-10-08T18:14:27+00:00","og_image":[{"width":840,"height":640,"url":"https:\/\/www.lifebreath.com\/wp-content\/uploads\/2024\/08\/DXPL03_GreenScreen.png","type":"image\/png"}],"twitter_card":"summary_large_image","twitter_misc":{"Est. reading time":"1 minute"},"schema":{"@context":"https:\/\/schema.org","@graph":[{"@type":"WebPage","@id":"https:\/\/www.lifebreath.com\/fr\/product\/dxpl03-commande-murale-numerique\/","url":"https:\/\/www.lifebreath.com\/fr\/product\/dxpl03-commande-murale-numerique\/","name":"DXPL03 - Commande murale num\u00e9rique | Lifebreath","isPartOf":{"@id":"https:\/\/www.lifebreath.com\/fr\/#website"},"primaryImageOfPage":{"@id":"https:\/\/www.lifebreath.com\/fr\/product\/dxpl03-commande-murale-numerique\/#primaryimage"},"image":{"@id":"https:\/\/www.lifebreath.com\/fr\/product\/dxpl03-commande-murale-numerique\/#primaryimage"},"thumbnailUrl":"https:\/\/www.lifebreath.com\/wp-content\/uploads\/2024\/08\/DXPL03_GreenScreen.png","datePublished":"2024-08-22T20:06:30+00:00","dateModified":"2024-10-08T18:14:27+00:00","description":"La commande murale num\u00e9rique Lifebreath DXPL03 est dot\u00e9e d'un \u00e9cran LCD, d'un design fin et \u00e9l\u00e9gant et de cinq modes de fonctionnement, faciles \u00e0 programmer par simple pression d'un bouton. Les caract\u00e9ristiques comprennent \u00e9galement l'\u00e9quilibrage automatique intuitif, l'ajustement continu de la vitesse du moteur pour maintenir le d\u00e9bit d'air d\u00e9fini par l'utilisateur (CFM), l'\u00e9quilibrage rapide : l'ajustement de la seule vitesse 5 entra\u00eene l'ajustement automatique de toutes les autres vitesses (les 5 vitesses sont r\u00e9glables), l'indicateur d'\u00e9quilibrage automatique montre quand l'unit\u00e9 contr\u00f4le activement les vitesses du moteur, le d\u00e9bit d'air est mesur\u00e9 en continu avec des lectures de pression diff\u00e9rentielle. Toutes les caract\u00e9ristiques requises pour les strat\u00e9gies de contr\u00f4le \u00e0 la demande afin de maximiser le confort et les \u00e9conomies d'\u00e9nergie.","breadcrumb":{"@id":"https:\/\/www.lifebreath.com\/fr\/product\/dxpl03-commande-murale-numerique\/#breadcrumb"},"inLanguage":"fr-FR","potentialAction":[{"@type":"ReadAction","target":["https:\/\/www.lifebreath.com\/fr\/product\/dxpl03-commande-murale-numerique\/"]}]},{"@type":"ImageObject","inLanguage":"fr-FR","@id":"https:\/\/www.lifebreath.com\/fr\/product\/dxpl03-commande-murale-numerique\/#primaryimage","url":"https:\/\/www.lifebreath.com\/wp-content\/uploads\/2024\/08\/DXPL03_GreenScreen.png","contentUrl":"https:\/\/www.lifebreath.com\/wp-content\/uploads\/2024\/08\/DXPL03_GreenScreen.png","width":840,"height":640,"caption":"DXPL03_GreenScreen"},{"@type":"BreadcrumbList","@id":"https:\/\/www.lifebreath.com\/fr\/product\/dxpl03-commande-murale-numerique\/#breadcrumb","itemListElement":[{"@type":"ListItem","position":1,"name":"Home","item":"https:\/\/www.lifebreath.com\/fr\/"},{"@type":"ListItem","position":2,"name":"Produits tous","item":"https:\/\/www.lifebreath.com\/fr\/produits-tous\/"},{"@type":"ListItem","position":3,"name":"DXPL03 &#8211; Commande murale num\u00e9rique"}]},{"@type":"WebSite","@id":"https:\/\/www.lifebreath.com\/fr\/#website","url":"https:\/\/www.lifebreath.com\/fr\/","name":"Lifebreath","description":"Manufacturer of Indoor Air Quality systems for over 40 years.","publisher":{"@id":"https:\/\/www.lifebreath.com\/fr\/#organization"},"potentialAction":[{"@type":"SearchAction","target":{"@type":"EntryPoint","urlTemplate":"https:\/\/www.lifebreath.com\/fr\/?s={search_term_string}"},"query-input":{"@type":"PropertyValueSpecification","valueRequired":true,"valueName":"search_term_string"}}],"inLanguage":"fr-FR"},{"@type":"Organization","@id":"https:\/\/www.lifebreath.com\/fr\/#organization","name":"Lifebreath","url":"https:\/\/www.lifebreath.com\/fr\/","logo":{"@type":"ImageObject","inLanguage":"fr-FR","@id":"https:\/\/www.lifebreath.com\/fr\/#\/schema\/logo\/image\/","url":"https:\/\/www.lifebreath.com\/wp-content\/uploads\/2025\/05\/LifeBreath_LB_Icon_Logo-scaled.jpg","contentUrl":"https:\/\/www.lifebreath.com\/wp-content\/uploads\/2025\/05\/LifeBreath_LB_Icon_Logo-scaled.jpg","width":2234,"height":2560,"caption":"Lifebreath"},"image":{"@id":"https:\/\/www.lifebreath.com\/fr\/#\/schema\/logo\/image\/"},"sameAs":["https:\/\/www.facebook.com\/LifebreathIAQ","https:\/\/www.instagram.com\/lifebreathiaq\/","https:\/\/www.linkedin.com\/company\/airia-brands-inc-\/?originalSubdomain=ca","https:\/\/www.youtube.com\/@lifebreath1091"]}]}},"_links":{"self":[{"href":"https:\/\/www.lifebreath.com\/fr\/wp-json\/wp\/v2\/product\/14177","targetHints":{"allow":["GET"]}}],"collection":[{"href":"https:\/\/www.lifebreath.com\/fr\/wp-json\/wp\/v2\/product"}],"about":[{"href":"https:\/\/www.lifebreath.com\/fr\/wp-json\/wp\/v2\/types\/product"}],"wp:featuredmedia":[{"embeddable":true,"href":"https:\/\/www.lifebreath.com\/fr\/wp-json\/wp\/v2\/media\/14175"}],"wp:attachment":[{"href":"https:\/\/www.lifebreath.com\/fr\/wp-json\/wp\/v2\/media?parent=14177"}],"wp:term":[{"taxonomy":"product_brand","embeddable":true,"href":"https:\/\/www.lifebreath.com\/fr\/wp-json\/wp\/v2\/product_brand?post=14177"},{"taxonomy":"product_cat","embeddable":true,"href":"https:\/\/www.lifebreath.com\/fr\/wp-json\/wp\/v2\/product_cat?post=14177"},{"taxonomy":"product_tag","embeddable":true,"href":"https:\/\/www.lifebreath.com\/fr\/wp-json\/wp\/v2\/product_tag?post=14177"}],"curies":[{"name":"wp","href":"https:\/\/api.w.org\/{rel}","templated":true}]}}