{"id":14190,"date":"2024-08-22T18:10:47","date_gmt":"2024-08-22T18:10:47","guid":{"rendered":"https:\/\/live-life-breath.pantheonsite.io\/product\/bc02-commande-de-base\/"},"modified":"2024-08-22T18:10:47","modified_gmt":"2024-08-22T18:10:47","slug":"bc02-commande-de-base","status":"publish","type":"product","link":"https:\/\/www.lifebreath.com\/fr\/product\/bc02-commande-de-base\/","title":{"rendered":"BC02 &#8211; Commande de base"},"content":{"rendered":"<ul>\n<li>2 r\u00e9glages de vitesse de ventilation (basse\/\u00e9lev\u00e9e)<\/li>\n<li>Mode veille<\/li>\n<li>D\u00e9humidistat \u00e9lectronique<\/li>\n<li>Compatible avec minuterie sans fil (99-DET02)<\/li>\n<li>Conception mince<\/li>\n<li>Connectez-vous \u00e0 un fil basse tension \u00e0 3 fils de calibre 20<\/li>\n<\/ul>\n","protected":false},"excerpt":{"rendered":"<p>2 r\u00e9glages de vitesse de ventilation (basse\/\u00e9lev\u00e9e) Mode veille D\u00e9humidistat \u00e9lectronique Compatible avec minuterie sans fil (99-DET02) Conception mince Connectez-vous \u00e0 un fil basse tension \u00e0 3 fils de calibre 20<\/p>\n","protected":false},"featured_media":14193,"template":"","meta":{"_et_pb_use_builder":"off","_et_pb_old_content":"","_et_gb_content_width":"","_relevanssi_hide_post":"","_relevanssi_hide_content":"","_relevanssi_pin_for_all":"","_relevanssi_pin_keywords":"","_relevanssi_unpin_keywords":"","_relevanssi_related_keywords":"","_relevanssi_related_include_ids":"","_relevanssi_related_exclude_ids":"","_relevanssi_related_no_append":"","_relevanssi_related_not_related":"","_relevanssi_related_posts":"","_relevanssi_noindex_reason":""},"product_brand":[],"product_cat":[163,164],"product_tag":[899],"class_list":{"0":"post-14190","1":"product","2":"type-product","3":"status-publish","4":"has-post-thumbnail","6":"product_cat-accessoires","7":"product_cat-controls-timers-fr","8":"product_tag-commandes-et-minuteries-de-lifebreath","10":"first","11":"instock","12":"taxable","13":"shipping-taxable","14":"product-type-simple"},"yoast_head":"<!-- This site is optimized with the Yoast SEO plugin v27.2 - https:\/\/yoast.com\/product\/yoast-seo-wordpress\/ -->\n<title>BC02 - Commande de base | Lifebreath<\/title>\n<meta name=\"description\" content=\"R\u00e9glage de la vitesse du ventilateur \u00e0 2 vitesses (BASSE\/\u00c9LEV\u00c9E) - R\u00e9glage de veille (ventilateur \u00e9teint). D\u00e9shumidistat \u00e9lectronique. Compatible avec les minuteries sans fil 99-DET02. Conception mince. Se connecte \u00e0 un fil basse tension \u00e0 3 fils de calibre 20.\" \/>\n<meta name=\"robots\" content=\"index, follow, max-snippet:-1, max-image-preview:large, max-video-preview:-1\" \/>\n<link rel=\"canonical\" href=\"https:\/\/www.lifebreath.com\/fr\/product\/bc02-commande-de-base\/\" \/>\n<meta property=\"og:locale\" content=\"fr_FR\" \/>\n<meta property=\"og:type\" content=\"article\" \/>\n<meta property=\"og:title\" content=\"BC02 - Commande de base | Lifebreath\" \/>\n<meta property=\"og:description\" content=\"R\u00e9glage de la vitesse du ventilateur \u00e0 2 vitesses (BASSE\/\u00c9LEV\u00c9E) - R\u00e9glage de veille (ventilateur \u00e9teint). D\u00e9shumidistat \u00e9lectronique. Compatible avec les minuteries sans fil 99-DET02. Conception mince. Se connecte \u00e0 un fil basse tension \u00e0 3 fils de calibre 20.\" \/>\n<meta property=\"og:url\" content=\"https:\/\/www.lifebreath.com\/fr\/product\/bc02-commande-de-base\/\" \/>\n<meta property=\"og:site_name\" content=\"Lifebreath\" \/>\n<meta property=\"article:publisher\" content=\"https:\/\/www.facebook.com\/LifebreathIAQ\" \/>\n<meta property=\"og:image\" content=\"https:\/\/www.lifebreath.com\/wp-content\/uploads\/2024\/08\/BC02-756x1024.png\" \/>\n\t<meta property=\"og:image:width\" content=\"756\" \/>\n\t<meta property=\"og:image:height\" content=\"1024\" \/>\n\t<meta property=\"og:image:type\" content=\"image\/png\" \/>\n<meta name=\"twitter:card\" content=\"summary_large_image\" \/>\n<script type=\"application\/ld+json\" class=\"yoast-schema-graph\">{\"@context\":\"https:\/\/schema.org\",\"@graph\":[{\"@type\":\"WebPage\",\"@id\":\"https:\/\/www.lifebreath.com\/fr\/product\/bc02-commande-de-base\/\",\"url\":\"https:\/\/www.lifebreath.com\/fr\/product\/bc02-commande-de-base\/\",\"name\":\"BC02 - Commande de base | Lifebreath\",\"isPartOf\":{\"@id\":\"https:\/\/www.lifebreath.com\/fr\/#website\"},\"primaryImageOfPage\":{\"@id\":\"https:\/\/www.lifebreath.com\/fr\/product\/bc02-commande-de-base\/#primaryimage\"},\"image\":{\"@id\":\"https:\/\/www.lifebreath.com\/fr\/product\/bc02-commande-de-base\/#primaryimage\"},\"thumbnailUrl\":\"https:\/\/www.lifebreath.com\/wp-content\/uploads\/2024\/08\/BC02.png\",\"datePublished\":\"2024-08-22T18:10:47+00:00\",\"description\":\"R\u00e9glage de la vitesse du ventilateur \u00e0 2 vitesses (BASSE\/\u00c9LEV\u00c9E) - R\u00e9glage de veille (ventilateur \u00e9teint). D\u00e9shumidistat \u00e9lectronique. Compatible avec les minuteries sans fil 99-DET02. Conception mince. Se connecte \u00e0 un fil basse tension \u00e0 3 fils de calibre 20.\",\"breadcrumb\":{\"@id\":\"https:\/\/www.lifebreath.com\/fr\/product\/bc02-commande-de-base\/#breadcrumb\"},\"inLanguage\":\"fr-FR\",\"potentialAction\":[{\"@type\":\"ReadAction\",\"target\":[\"https:\/\/www.lifebreath.com\/fr\/product\/bc02-commande-de-base\/\"]}]},{\"@type\":\"ImageObject\",\"inLanguage\":\"fr-FR\",\"@id\":\"https:\/\/www.lifebreath.com\/fr\/product\/bc02-commande-de-base\/#primaryimage\",\"url\":\"https:\/\/www.lifebreath.com\/wp-content\/uploads\/2024\/08\/BC02.png\",\"contentUrl\":\"https:\/\/www.lifebreath.com\/wp-content\/uploads\/2024\/08\/BC02.png\",\"width\":2058,\"height\":2789,\"caption\":\"BC02\"},{\"@type\":\"BreadcrumbList\",\"@id\":\"https:\/\/www.lifebreath.com\/fr\/product\/bc02-commande-de-base\/#breadcrumb\",\"itemListElement\":[{\"@type\":\"ListItem\",\"position\":1,\"name\":\"Home\",\"item\":\"https:\/\/www.lifebreath.com\/fr\/\"},{\"@type\":\"ListItem\",\"position\":2,\"name\":\"Produits tous\",\"item\":\"https:\/\/www.lifebreath.com\/fr\/produits-tous\/\"},{\"@type\":\"ListItem\",\"position\":3,\"name\":\"BC02 &#8211; Commande de base\"}]},{\"@type\":\"WebSite\",\"@id\":\"https:\/\/www.lifebreath.com\/fr\/#website\",\"url\":\"https:\/\/www.lifebreath.com\/fr\/\",\"name\":\"Lifebreath\",\"description\":\"Manufacturer of Indoor Air Quality systems for over 40 years.\",\"publisher\":{\"@id\":\"https:\/\/www.lifebreath.com\/fr\/#organization\"},\"potentialAction\":[{\"@type\":\"SearchAction\",\"target\":{\"@type\":\"EntryPoint\",\"urlTemplate\":\"https:\/\/www.lifebreath.com\/fr\/?s={search_term_string}\"},\"query-input\":{\"@type\":\"PropertyValueSpecification\",\"valueRequired\":true,\"valueName\":\"search_term_string\"}}],\"inLanguage\":\"fr-FR\"},{\"@type\":\"Organization\",\"@id\":\"https:\/\/www.lifebreath.com\/fr\/#organization\",\"name\":\"Lifebreath\",\"url\":\"https:\/\/www.lifebreath.com\/fr\/\",\"logo\":{\"@type\":\"ImageObject\",\"inLanguage\":\"fr-FR\",\"@id\":\"https:\/\/www.lifebreath.com\/fr\/#\/schema\/logo\/image\/\",\"url\":\"https:\/\/www.lifebreath.com\/wp-content\/uploads\/2025\/05\/LifeBreath_LB_Icon_Logo-scaled.jpg\",\"contentUrl\":\"https:\/\/www.lifebreath.com\/wp-content\/uploads\/2025\/05\/LifeBreath_LB_Icon_Logo-scaled.jpg\",\"width\":2234,\"height\":2560,\"caption\":\"Lifebreath\"},\"image\":{\"@id\":\"https:\/\/www.lifebreath.com\/fr\/#\/schema\/logo\/image\/\"},\"sameAs\":[\"https:\/\/www.facebook.com\/LifebreathIAQ\",\"https:\/\/www.instagram.com\/lifebreathiaq\/\",\"https:\/\/www.linkedin.com\/company\/airia-brands-inc-\/?originalSubdomain=ca\",\"https:\/\/www.youtube.com\/@lifebreath1091\"]}]}<\/script>\n<!-- \/ Yoast SEO plugin. -->","yoast_head_json":{"title":"BC02 - Commande de base | Lifebreath","description":"R\u00e9glage de la vitesse du ventilateur \u00e0 2 vitesses (BASSE\/\u00c9LEV\u00c9E) - R\u00e9glage de veille (ventilateur \u00e9teint). D\u00e9shumidistat \u00e9lectronique. Compatible avec les minuteries sans fil 99-DET02. Conception mince. Se connecte \u00e0 un fil basse tension \u00e0 3 fils de calibre 20.","robots":{"index":"index","follow":"follow","max-snippet":"max-snippet:-1","max-image-preview":"max-image-preview:large","max-video-preview":"max-video-preview:-1"},"canonical":"https:\/\/www.lifebreath.com\/fr\/product\/bc02-commande-de-base\/","og_locale":"fr_FR","og_type":"article","og_title":"BC02 - Commande de base | Lifebreath","og_description":"R\u00e9glage de la vitesse du ventilateur \u00e0 2 vitesses (BASSE\/\u00c9LEV\u00c9E) - R\u00e9glage de veille (ventilateur \u00e9teint). D\u00e9shumidistat \u00e9lectronique. Compatible avec les minuteries sans fil 99-DET02. Conception mince. Se connecte \u00e0 un fil basse tension \u00e0 3 fils de calibre 20.","og_url":"https:\/\/www.lifebreath.com\/fr\/product\/bc02-commande-de-base\/","og_site_name":"Lifebreath","article_publisher":"https:\/\/www.facebook.com\/LifebreathIAQ","og_image":[{"width":756,"height":1024,"url":"https:\/\/www.lifebreath.com\/wp-content\/uploads\/2024\/08\/BC02-756x1024.png","type":"image\/png"}],"twitter_card":"summary_large_image","schema":{"@context":"https:\/\/schema.org","@graph":[{"@type":"WebPage","@id":"https:\/\/www.lifebreath.com\/fr\/product\/bc02-commande-de-base\/","url":"https:\/\/www.lifebreath.com\/fr\/product\/bc02-commande-de-base\/","name":"BC02 - Commande de base | Lifebreath","isPartOf":{"@id":"https:\/\/www.lifebreath.com\/fr\/#website"},"primaryImageOfPage":{"@id":"https:\/\/www.lifebreath.com\/fr\/product\/bc02-commande-de-base\/#primaryimage"},"image":{"@id":"https:\/\/www.lifebreath.com\/fr\/product\/bc02-commande-de-base\/#primaryimage"},"thumbnailUrl":"https:\/\/www.lifebreath.com\/wp-content\/uploads\/2024\/08\/BC02.png","datePublished":"2024-08-22T18:10:47+00:00","description":"R\u00e9glage de la vitesse du ventilateur \u00e0 2 vitesses (BASSE\/\u00c9LEV\u00c9E) - R\u00e9glage de veille (ventilateur \u00e9teint). D\u00e9shumidistat \u00e9lectronique. Compatible avec les minuteries sans fil 99-DET02. Conception mince. Se connecte \u00e0 un fil basse tension \u00e0 3 fils de calibre 20.","breadcrumb":{"@id":"https:\/\/www.lifebreath.com\/fr\/product\/bc02-commande-de-base\/#breadcrumb"},"inLanguage":"fr-FR","potentialAction":[{"@type":"ReadAction","target":["https:\/\/www.lifebreath.com\/fr\/product\/bc02-commande-de-base\/"]}]},{"@type":"ImageObject","inLanguage":"fr-FR","@id":"https:\/\/www.lifebreath.com\/fr\/product\/bc02-commande-de-base\/#primaryimage","url":"https:\/\/www.lifebreath.com\/wp-content\/uploads\/2024\/08\/BC02.png","contentUrl":"https:\/\/www.lifebreath.com\/wp-content\/uploads\/2024\/08\/BC02.png","width":2058,"height":2789,"caption":"BC02"},{"@type":"BreadcrumbList","@id":"https:\/\/www.lifebreath.com\/fr\/product\/bc02-commande-de-base\/#breadcrumb","itemListElement":[{"@type":"ListItem","position":1,"name":"Home","item":"https:\/\/www.lifebreath.com\/fr\/"},{"@type":"ListItem","position":2,"name":"Produits tous","item":"https:\/\/www.lifebreath.com\/fr\/produits-tous\/"},{"@type":"ListItem","position":3,"name":"BC02 &#8211; Commande de base"}]},{"@type":"WebSite","@id":"https:\/\/www.lifebreath.com\/fr\/#website","url":"https:\/\/www.lifebreath.com\/fr\/","name":"Lifebreath","description":"Manufacturer of Indoor Air Quality systems for over 40 years.","publisher":{"@id":"https:\/\/www.lifebreath.com\/fr\/#organization"},"potentialAction":[{"@type":"SearchAction","target":{"@type":"EntryPoint","urlTemplate":"https:\/\/www.lifebreath.com\/fr\/?s={search_term_string}"},"query-input":{"@type":"PropertyValueSpecification","valueRequired":true,"valueName":"search_term_string"}}],"inLanguage":"fr-FR"},{"@type":"Organization","@id":"https:\/\/www.lifebreath.com\/fr\/#organization","name":"Lifebreath","url":"https:\/\/www.lifebreath.com\/fr\/","logo":{"@type":"ImageObject","inLanguage":"fr-FR","@id":"https:\/\/www.lifebreath.com\/fr\/#\/schema\/logo\/image\/","url":"https:\/\/www.lifebreath.com\/wp-content\/uploads\/2025\/05\/LifeBreath_LB_Icon_Logo-scaled.jpg","contentUrl":"https:\/\/www.lifebreath.com\/wp-content\/uploads\/2025\/05\/LifeBreath_LB_Icon_Logo-scaled.jpg","width":2234,"height":2560,"caption":"Lifebreath"},"image":{"@id":"https:\/\/www.lifebreath.com\/fr\/#\/schema\/logo\/image\/"},"sameAs":["https:\/\/www.facebook.com\/LifebreathIAQ","https:\/\/www.instagram.com\/lifebreathiaq\/","https:\/\/www.linkedin.com\/company\/airia-brands-inc-\/?originalSubdomain=ca","https:\/\/www.youtube.com\/@lifebreath1091"]}]}},"_links":{"self":[{"href":"https:\/\/www.lifebreath.com\/fr\/wp-json\/wp\/v2\/product\/14190","targetHints":{"allow":["GET"]}}],"collection":[{"href":"https:\/\/www.lifebreath.com\/fr\/wp-json\/wp\/v2\/product"}],"about":[{"href":"https:\/\/www.lifebreath.com\/fr\/wp-json\/wp\/v2\/types\/product"}],"wp:featuredmedia":[{"embeddable":true,"href":"https:\/\/www.lifebreath.com\/fr\/wp-json\/wp\/v2\/media\/14193"}],"wp:attachment":[{"href":"https:\/\/www.lifebreath.com\/fr\/wp-json\/wp\/v2\/media?parent=14190"}],"wp:term":[{"taxonomy":"product_brand","embeddable":true,"href":"https:\/\/www.lifebreath.com\/fr\/wp-json\/wp\/v2\/product_brand?post=14190"},{"taxonomy":"product_cat","embeddable":true,"href":"https:\/\/www.lifebreath.com\/fr\/wp-json\/wp\/v2\/product_cat?post=14190"},{"taxonomy":"product_tag","embeddable":true,"href":"https:\/\/www.lifebreath.com\/fr\/wp-json\/wp\/v2\/product_tag?post=14190"}],"curies":[{"name":"wp","href":"https:\/\/api.w.org\/{rel}","templated":true}]}}